{"id":3217,"date":"2026-04-20T21:08:37","date_gmt":"2026-04-20T21:08:37","guid":{"rendered":"https:\/\/vintagebyiana.pt\/?post_type=product&#038;p=3217"},"modified":"2026-04-21T20:32:15","modified_gmt":"2026-04-21T20:32:15","slug":"conjunto-de-cha-wedgwood-royal-warwick","status":"publish","type":"product","link":"https:\/\/vintagebyiana.pt\/en\/loja\/2-servicos-de-cha\/1-conjunto-de-chavenas\/conjunto-de-cha-wedgwood-royal-warwick\/","title":{"rendered":"Conjunto de ch\u00e1 Wedgwood &#038; Royal Warwick"},"content":{"rendered":"<p>7 ch\u00e1venas de ch\u00e1 com pires, bule, a\u00e7ucareiro, leiteiro.<br \/>\nEste conjunto tem sinais de uso. Apresenta craquel\u00ea. Anos 70-80.<\/p>","protected":false},"excerpt":{"rendered":"<p>7 ch\u00e1venas de ch\u00e1 com pires, bule, a\u00e7ucareiro, leiteiro. Este conjunto tem sinais de uso. Apresenta craquel\u00ea. Anos 70-80.<\/p>","protected":false},"featured_media":3218,"template":"","meta":[],"product_brand":[81],"product_cat":[48,47],"product_tag":[63],"class_list":{"0":"post-3217","1":"product","2":"type-product","3":"status-publish","4":"has-post-thumbnail","6":"product_brand-wedgwood","7":"product_cat-1-conjunto-de-chavenas","8":"product_cat-2-servicos-de-cha","9":"product_tag-reino-unido","11":"first","12":"instock","13":"shipping-taxable","14":"purchasable","15":"product-type-simple"},"_links":{"self":[{"href":"https:\/\/vintagebyiana.pt\/en\/wp-json\/wp\/v2\/product\/3217","targetHints":{"allow":["GET"]}}],"collection":[{"href":"https:\/\/vintagebyiana.pt\/en\/wp-json\/wp\/v2\/product"}],"about":[{"href":"https:\/\/vintagebyiana.pt\/en\/wp-json\/wp\/v2\/types\/product"}],"version-history":[{"count":2,"href":"https:\/\/vintagebyiana.pt\/en\/wp-json\/wp\/v2\/product\/3217\/revisions"}],"predecessor-version":[{"id":3228,"href":"https:\/\/vintagebyiana.pt\/en\/wp-json\/wp\/v2\/product\/3217\/revisions\/3228"}],"wp:featuredmedia":[{"embeddable":true,"href":"https:\/\/vintagebyiana.pt\/en\/wp-json\/wp\/v2\/media\/3218"}],"wp:attachment":[{"href":"https:\/\/vintagebyiana.pt\/en\/wp-json\/wp\/v2\/media?parent=3217"}],"wp:term":[{"taxonomy":"product_brand","embeddable":true,"href":"https:\/\/vintagebyiana.pt\/en\/wp-json\/wp\/v2\/product_brand?post=3217"},{"taxonomy":"product_cat","embeddable":true,"href":"https:\/\/vintagebyiana.pt\/en\/wp-json\/wp\/v2\/product_cat?post=3217"},{"taxonomy":"product_tag","embeddable":true,"href":"https:\/\/vintagebyiana.pt\/en\/wp-json\/wp\/v2\/product_tag?post=3217"}],"curies":[{"name":"wp","href":"https:\/\/api.w.org\/{rel}","templated":true}]}}