{"id":2838,"date":"2026-04-16T08:36:17","date_gmt":"2026-04-16T08:36:17","guid":{"rendered":"https:\/\/vintagebyiana.pt\/?post_type=product&#038;p=2838"},"modified":"2026-04-20T08:04:54","modified_gmt":"2026-04-20T08:04:54","slug":"voucher-prenda","status":"publish","type":"product","link":"https:\/\/vintagebyiana.pt\/en\/loja\/8-novidades\/voucher-prenda\/","title":{"rendered":"Voucher Prenda"},"content":{"rendered":"<p>Surpreenda algu\u00e9m especial com um vale presente digital, pr\u00e1tico, elegante e cheio de possibilidades.<\/p>\n<p>Pode envi\u00e1-lo por e-mail, imprimir em casa ou encaminhar diretamente \u00e0 pessoa que deseja mimar. Escolha o valor (m\u00ednimo de 30\u202f\u20ac) e deixe quem o recebe escolher o que mais deseja.<\/p>\n<p>Detalhes importantes:<\/p>\n<ul>\n<li>Formato digital, enviado por e-mail.<\/li>\n<li>Validade de 6 meses a partir da data de compra.<\/li>\n<li>Cada vale tem um n\u00famero \u00fanico para utiliza\u00e7\u00e3o online ou em loja f\u00edsica.<\/li>\n<li>Pode ser usado em v\u00e1rias compras at\u00e9 esgotar o saldo.<\/li>\n<li>O valor n\u00e3o \u00e9 convert\u00edvel em dinheiro, e o saldo n\u00e3o utilizado n\u00e3o \u00e9 reembols\u00e1vel.<\/li>\n<li>V\u00e1lido tamb\u00e9m para produtos em promo\u00e7\u00e3o (salvo indica\u00e7\u00e3o contr\u00e1ria em campanhas especiais).<\/li>\n<\/ul>\n<p>Um detalhe simples, bonito e cheio de significado ideal para qualquer ocasi\u00e3o.<\/p>","protected":false},"excerpt":{"rendered":"<p>Surpreenda algu\u00e9m especial com um vale presente digital, pr\u00e1tico, elegante e cheio de possibilidades. Pode envi\u00e1-lo por e-mail, imprimir em casa ou encaminhar diretamente \u00e0 pessoa que deseja mimar. Escolha o valor (m\u00ednimo de 30\u202f\u20ac) e deixe quem o recebe escolher o que mais deseja. Detalhes importantes: Formato digital, enviado por e-mail. Validade de 6 [&hellip;]<\/p>\n","protected":false},"featured_media":2839,"template":"","meta":[],"product_brand":[],"product_cat":[16,80],"product_tag":[],"class_list":{"0":"post-2838","1":"product","2":"type-product","3":"status-publish","4":"has-post-thumbnail","6":"product_cat-8-novidades","7":"product_cat-voucher-prenda","9":"first","10":"instock","11":"shipping-taxable","12":"purchasable","13":"product-type-variable"},"_links":{"self":[{"href":"https:\/\/vintagebyiana.pt\/en\/wp-json\/wp\/v2\/product\/2838","targetHints":{"allow":["GET"]}}],"collection":[{"href":"https:\/\/vintagebyiana.pt\/en\/wp-json\/wp\/v2\/product"}],"about":[{"href":"https:\/\/vintagebyiana.pt\/en\/wp-json\/wp\/v2\/types\/product"}],"version-history":[{"count":3,"href":"https:\/\/vintagebyiana.pt\/en\/wp-json\/wp\/v2\/product\/2838\/revisions"}],"predecessor-version":[{"id":2951,"href":"https:\/\/vintagebyiana.pt\/en\/wp-json\/wp\/v2\/product\/2838\/revisions\/2951"}],"wp:featuredmedia":[{"embeddable":true,"href":"https:\/\/vintagebyiana.pt\/en\/wp-json\/wp\/v2\/media\/2839"}],"wp:attachment":[{"href":"https:\/\/vintagebyiana.pt\/en\/wp-json\/wp\/v2\/media?parent=2838"}],"wp:term":[{"taxonomy":"product_brand","embeddable":true,"href":"https:\/\/vintagebyiana.pt\/en\/wp-json\/wp\/v2\/product_brand?post=2838"},{"taxonomy":"product_cat","embeddable":true,"href":"https:\/\/vintagebyiana.pt\/en\/wp-json\/wp\/v2\/product_cat?post=2838"},{"taxonomy":"product_tag","embeddable":true,"href":"https:\/\/vintagebyiana.pt\/en\/wp-json\/wp\/v2\/product_tag?post=2838"}],"curies":[{"name":"wp","href":"https:\/\/api.w.org\/{rel}","templated":true}]}}