{"id":2671,"date":"2026-04-15T11:39:33","date_gmt":"2026-04-15T11:39:33","guid":{"rendered":"https:\/\/vintagebyiana.pt\/?post_type=product&#038;p=2671"},"modified":"2026-04-21T20:37:34","modified_gmt":"2026-04-21T20:37:34","slug":"conjunto-de-cha-vista-alegre","status":"publish","type":"product","link":"https:\/\/vintagebyiana.pt\/en\/loja\/2-servicos-de-cha\/1-conjunto-de-chavenas\/conjunto-de-cha-vista-alegre\/","title":{"rendered":"Vista Alegre tea set"},"content":{"rendered":"<p>The set from the Portuguese brand Vista Alegre.<br \/>\nIncludes: 6 cups with saucers, teapot, sugar bowl, milk jug.<br \/>\nPorcelain.<br \/>\nOne of the cups was glued together. There are tea marks on the inside of the cups and also on the inside of the teapot.<\/p>","protected":false},"excerpt":{"rendered":"<p>O conjunto da marca portuguesa Vista Alegre. Inclui: 6 ch\u00e1venas com pires, bule, a\u00e7ucareiro, leiteiro. Porcelana. Uma das ch\u00e1venas foi colada. Existem marcas de ch\u00e1 no interior das ch\u00e1venas e tamb\u00e9m no interior do bule.<\/p>","protected":false},"featured_media":2672,"template":"","meta":[],"product_brand":[79],"product_cat":[48],"product_tag":[34],"class_list":{"0":"post-2671","1":"product","2":"type-product","3":"status-publish","4":"has-post-thumbnail","6":"product_brand-vista-alegre","7":"product_cat-1-conjunto-de-chavenas","8":"product_tag-portugal","10":"first","11":"instock","12":"shipping-taxable","13":"purchasable","14":"product-type-simple"},"_links":{"self":[{"href":"https:\/\/vintagebyiana.pt\/en\/wp-json\/wp\/v2\/product\/2671","targetHints":{"allow":["GET"]}}],"collection":[{"href":"https:\/\/vintagebyiana.pt\/en\/wp-json\/wp\/v2\/product"}],"about":[{"href":"https:\/\/vintagebyiana.pt\/en\/wp-json\/wp\/v2\/types\/product"}],"version-history":[{"count":4,"href":"https:\/\/vintagebyiana.pt\/en\/wp-json\/wp\/v2\/product\/2671\/revisions"}],"predecessor-version":[{"id":3176,"href":"https:\/\/vintagebyiana.pt\/en\/wp-json\/wp\/v2\/product\/2671\/revisions\/3176"}],"wp:featuredmedia":[{"embeddable":true,"href":"https:\/\/vintagebyiana.pt\/en\/wp-json\/wp\/v2\/media\/2672"}],"wp:attachment":[{"href":"https:\/\/vintagebyiana.pt\/en\/wp-json\/wp\/v2\/media?parent=2671"}],"wp:term":[{"taxonomy":"product_brand","embeddable":true,"href":"https:\/\/vintagebyiana.pt\/en\/wp-json\/wp\/v2\/product_brand?post=2671"},{"taxonomy":"product_cat","embeddable":true,"href":"https:\/\/vintagebyiana.pt\/en\/wp-json\/wp\/v2\/product_cat?post=2671"},{"taxonomy":"product_tag","embeddable":true,"href":"https:\/\/vintagebyiana.pt\/en\/wp-json\/wp\/v2\/product_tag?post=2671"}],"curies":[{"name":"wp","href":"https:\/\/api.w.org\/{rel}","templated":true}]}}