{"id":2637,"date":"2026-04-15T11:21:21","date_gmt":"2026-04-15T11:21:21","guid":{"rendered":"https:\/\/vintagebyiana.pt\/?post_type=product&#038;p=2637"},"modified":"2026-04-21T20:37:46","modified_gmt":"2026-04-21T20:37:46","slug":"conjunto-japones","status":"publish","type":"product","link":"https:\/\/vintagebyiana.pt\/en\/loja\/2-servicos-de-cha\/1-conjunto-de-chavenas\/conjunto-japones\/","title":{"rendered":"Japanese set"},"content":{"rendered":"<p>The set includes:<br \/>\n-6 dessert dishes<br \/>\n-4 cups with saucers<br \/>\n-foreigner<br \/>\n-milkman<br \/>\n-a\u00e7ucareiro. Foi feito no Jap\u00e3o.<\/p>","protected":false},"excerpt":{"rendered":"<p>O conjunto inclui: -6 pratos de sobremesa -4 ch\u00e1venas com pires -bule -leiteiro -a\u00e7ucareiro. Foi feito no Jap\u00e3o.<\/p>","protected":false},"featured_media":2638,"template":"","meta":[],"product_brand":[],"product_cat":[48],"product_tag":[],"class_list":{"0":"post-2637","1":"product","2":"type-product","3":"status-publish","4":"has-post-thumbnail","6":"product_cat-1-conjunto-de-chavenas","8":"first","9":"instock","10":"shipping-taxable","11":"purchasable","12":"product-type-simple"},"_links":{"self":[{"href":"https:\/\/vintagebyiana.pt\/en\/wp-json\/wp\/v2\/product\/2637","targetHints":{"allow":["GET"]}}],"collection":[{"href":"https:\/\/vintagebyiana.pt\/en\/wp-json\/wp\/v2\/product"}],"about":[{"href":"https:\/\/vintagebyiana.pt\/en\/wp-json\/wp\/v2\/types\/product"}],"version-history":[{"count":3,"href":"https:\/\/vintagebyiana.pt\/en\/wp-json\/wp\/v2\/product\/2637\/revisions"}],"predecessor-version":[{"id":3208,"href":"https:\/\/vintagebyiana.pt\/en\/wp-json\/wp\/v2\/product\/2637\/revisions\/3208"}],"wp:featuredmedia":[{"embeddable":true,"href":"https:\/\/vintagebyiana.pt\/en\/wp-json\/wp\/v2\/media\/2638"}],"wp:attachment":[{"href":"https:\/\/vintagebyiana.pt\/en\/wp-json\/wp\/v2\/media?parent=2637"}],"wp:term":[{"taxonomy":"product_brand","embeddable":true,"href":"https:\/\/vintagebyiana.pt\/en\/wp-json\/wp\/v2\/product_brand?post=2637"},{"taxonomy":"product_cat","embeddable":true,"href":"https:\/\/vintagebyiana.pt\/en\/wp-json\/wp\/v2\/product_cat?post=2637"},{"taxonomy":"product_tag","embeddable":true,"href":"https:\/\/vintagebyiana.pt\/en\/wp-json\/wp\/v2\/product_tag?post=2637"}],"curies":[{"name":"wp","href":"https:\/\/api.w.org\/{rel}","templated":true}]}}