{"id":2626,"date":"2026-04-15T11:17:26","date_gmt":"2026-04-15T11:17:26","guid":{"rendered":"https:\/\/vintagebyiana.pt\/?post_type=product&#038;p=2626"},"modified":"2026-04-21T20:37:58","modified_gmt":"2026-04-21T20:37:58","slug":"conjunto-de-peixe-urss","status":"publish","type":"product","link":"https:\/\/vintagebyiana.pt\/en\/loja\/2-servicos-de-cha\/1-conjunto-de-chavenas\/conjunto-de-peixe-urss\/","title":{"rendered":"USSR fish set"},"content":{"rendered":"<p>Porcelain set consisting of 1 bottle and 6 fish-shaped cups. This model was produced on a large scale in the Soviet Union between the 1960s and 1980s, within the tradition of utilitarian decorative porcelain pieces for use and, at the same time, for display.<\/p>\n<p>Parts of this type were manufactured by several state-owned factories, including:<br \/>\n\u2022Dulevo Porcelain Factory (Russia)<br \/>\n\u2022Konakovo Porcelain Factory (Russia)<br \/>\n\u2022Polonne Porcelain Factory (Ukraine)<br \/>\n\u2022Soviet Latvian and Belarusian factories<\/p>\n<p>These factories produced millions of sets per year to supply the entire Soviet market, from large cities to small towns.<\/p>\n<p>In the 1960s\u201380s, a decorative liqueur service like this was part of the standard household trousseau: it was offered at weddings, birthdays, and kept in display cases or living room cupboards. Used for homemade liqueurs and vodka<\/p>","protected":false},"excerpt":{"rendered":"<p>Conjunto em porcelana composto por 1 garrafa e 6 copinhos em forma de peixe. Este modelo foi produzido em grande escala na Uni\u00e3o Sovi\u00e9tica entre as d\u00e9cadas de 1960 e 1980, dentro da tradi\u00e7\u00e3o do porcelana decorativa utilit\u00e1ria pe\u00e7as para uso e, ao mesmo tempo, para exibi\u00e7\u00e3o. Pe\u00e7as deste tipo eram fabricadas por v\u00e1rias f\u00e1bricas [&hellip;]<\/p>\n","protected":false},"featured_media":2627,"template":"","meta":[],"product_brand":[],"product_cat":[48],"product_tag":[],"class_list":{"0":"post-2626","1":"product","2":"type-product","3":"status-publish","4":"has-post-thumbnail","6":"product_cat-1-conjunto-de-chavenas","8":"first","9":"instock","10":"shipping-taxable","11":"purchasable","12":"product-type-simple"},"_links":{"self":[{"href":"https:\/\/vintagebyiana.pt\/en\/wp-json\/wp\/v2\/product\/2626","targetHints":{"allow":["GET"]}}],"collection":[{"href":"https:\/\/vintagebyiana.pt\/en\/wp-json\/wp\/v2\/product"}],"about":[{"href":"https:\/\/vintagebyiana.pt\/en\/wp-json\/wp\/v2\/types\/product"}],"version-history":[{"count":1,"href":"https:\/\/vintagebyiana.pt\/en\/wp-json\/wp\/v2\/product\/2626\/revisions"}],"predecessor-version":[{"id":2636,"href":"https:\/\/vintagebyiana.pt\/en\/wp-json\/wp\/v2\/product\/2626\/revisions\/2636"}],"wp:featuredmedia":[{"embeddable":true,"href":"https:\/\/vintagebyiana.pt\/en\/wp-json\/wp\/v2\/media\/2627"}],"wp:attachment":[{"href":"https:\/\/vintagebyiana.pt\/en\/wp-json\/wp\/v2\/media?parent=2626"}],"wp:term":[{"taxonomy":"product_brand","embeddable":true,"href":"https:\/\/vintagebyiana.pt\/en\/wp-json\/wp\/v2\/product_brand?post=2626"},{"taxonomy":"product_cat","embeddable":true,"href":"https:\/\/vintagebyiana.pt\/en\/wp-json\/wp\/v2\/product_cat?post=2626"},{"taxonomy":"product_tag","embeddable":true,"href":"https:\/\/vintagebyiana.pt\/en\/wp-json\/wp\/v2\/product_tag?post=2626"}],"curies":[{"name":"wp","href":"https:\/\/api.w.org\/{rel}","templated":true}]}}