{"id":2617,"date":"2026-04-15T11:13:46","date_gmt":"2026-04-15T11:13:46","guid":{"rendered":"https:\/\/vintagebyiana.pt\/?post_type=product&#038;p=2617"},"modified":"2026-04-21T20:28:37","modified_gmt":"2026-04-21T20:28:37","slug":"conjunto-das-chavenas-de-cha-royal-worcester-2","status":"publish","type":"product","link":"https:\/\/vintagebyiana.pt\/en\/loja\/2-servicos-de-cha\/4-chavenas-individuais\/conjunto-das-chavenas-de-cha-royal-worcester-2\/","title":{"rendered":"Royal Worcester tea cup set"},"content":{"rendered":"<p>Ch\u00e1venas de ch\u00e1 com pires da marca inglesa Royal Worcester.<br \/>\n\u00d3timo estado. Bone porcelain. Cor Rosa intensa.<\/p>\n<p>&nbsp;<\/p>","protected":false},"excerpt":{"rendered":"<p>Ch\u00e1venas de ch\u00e1 com pires da marca inglesa Royal Worcester. \u00d3timo estado. Bone porcelain. Cor Rosa intensa. &nbsp;<\/p>","protected":false},"featured_media":2624,"template":"","meta":[],"product_brand":[],"product_cat":[51,48],"product_tag":[63],"class_list":{"0":"post-2617","1":"product","2":"type-product","3":"status-publish","4":"has-post-thumbnail","6":"product_cat-4-chavenas-individuais","7":"product_cat-1-conjunto-de-chavenas","8":"product_tag-reino-unido","10":"first","11":"instock","12":"shipping-taxable","13":"purchasable","14":"product-type-simple"},"_links":{"self":[{"href":"https:\/\/vintagebyiana.pt\/en\/wp-json\/wp\/v2\/product\/2617","targetHints":{"allow":["GET"]}}],"collection":[{"href":"https:\/\/vintagebyiana.pt\/en\/wp-json\/wp\/v2\/product"}],"about":[{"href":"https:\/\/vintagebyiana.pt\/en\/wp-json\/wp\/v2\/types\/product"}],"version-history":[{"count":3,"href":"https:\/\/vintagebyiana.pt\/en\/wp-json\/wp\/v2\/product\/2617\/revisions"}],"predecessor-version":[{"id":3242,"href":"https:\/\/vintagebyiana.pt\/en\/wp-json\/wp\/v2\/product\/2617\/revisions\/3242"}],"wp:featuredmedia":[{"embeddable":true,"href":"https:\/\/vintagebyiana.pt\/en\/wp-json\/wp\/v2\/media\/2624"}],"wp:attachment":[{"href":"https:\/\/vintagebyiana.pt\/en\/wp-json\/wp\/v2\/media?parent=2617"}],"wp:term":[{"taxonomy":"product_brand","embeddable":true,"href":"https:\/\/vintagebyiana.pt\/en\/wp-json\/wp\/v2\/product_brand?post=2617"},{"taxonomy":"product_cat","embeddable":true,"href":"https:\/\/vintagebyiana.pt\/en\/wp-json\/wp\/v2\/product_cat?post=2617"},{"taxonomy":"product_tag","embeddable":true,"href":"https:\/\/vintagebyiana.pt\/en\/wp-json\/wp\/v2\/product_tag?post=2617"}],"curies":[{"name":"wp","href":"https:\/\/api.w.org\/{rel}","templated":true}]}}