{"id":2611,"date":"2026-04-15T11:08:03","date_gmt":"2026-04-15T11:08:03","guid":{"rendered":"https:\/\/vintagebyiana.pt\/?post_type=product&#038;p=2611"},"modified":"2026-04-21T20:38:18","modified_gmt":"2026-04-21T20:38:18","slug":"4-chavenas-de-cafe-royal-worcester-2","status":"publish","type":"product","link":"https:\/\/vintagebyiana.pt\/en\/loja\/2-servicos-de-cha\/1-conjunto-de-chavenas\/4-chavenas-de-cafe-royal-worcester-2\/","title":{"rendered":"4 cups of Royal Worcester coffee"},"content":{"rendered":"<p>Available 4 cups with saucers<\/p>\n<p>Bone clay porcelain in excellent condition. The color of the dishes is not red, it is hot pink.<\/p>\n<p>Free delivery for mainland Portugal.<br \/>\nIslands 7.49 EUR<\/p>","protected":false},"excerpt":{"rendered":"<p>Dispon\u00edvel 4 ch\u00e1venas com pires Porcelana de barro de osso em excelente estado. A cor da loi\u00e7a n\u00e3o \u00e9 vermelha, \u00e9 rosa-forte. Entrega gratis para Portugal continental. Ilhas 7,49 EUR<\/p>","protected":false},"featured_media":266,"template":"","meta":[],"product_brand":[],"product_cat":[48],"product_tag":[63],"class_list":{"0":"post-2611","1":"product","2":"type-product","3":"status-publish","4":"has-post-thumbnail","6":"product_cat-1-conjunto-de-chavenas","7":"product_tag-reino-unido","9":"first","10":"instock","11":"downloadable","12":"virtual","13":"purchasable","14":"product-type-simple"},"_links":{"self":[{"href":"https:\/\/vintagebyiana.pt\/en\/wp-json\/wp\/v2\/product\/2611","targetHints":{"allow":["GET"]}}],"collection":[{"href":"https:\/\/vintagebyiana.pt\/en\/wp-json\/wp\/v2\/product"}],"about":[{"href":"https:\/\/vintagebyiana.pt\/en\/wp-json\/wp\/v2\/types\/product"}],"version-history":[{"count":1,"href":"https:\/\/vintagebyiana.pt\/en\/wp-json\/wp\/v2\/product\/2611\/revisions"}],"predecessor-version":[{"id":2616,"href":"https:\/\/vintagebyiana.pt\/en\/wp-json\/wp\/v2\/product\/2611\/revisions\/2616"}],"wp:featuredmedia":[{"embeddable":true,"href":"https:\/\/vintagebyiana.pt\/en\/wp-json\/wp\/v2\/media\/266"}],"wp:attachment":[{"href":"https:\/\/vintagebyiana.pt\/en\/wp-json\/wp\/v2\/media?parent=2611"}],"wp:term":[{"taxonomy":"product_brand","embeddable":true,"href":"https:\/\/vintagebyiana.pt\/en\/wp-json\/wp\/v2\/product_brand?post=2611"},{"taxonomy":"product_cat","embeddable":true,"href":"https:\/\/vintagebyiana.pt\/en\/wp-json\/wp\/v2\/product_cat?post=2611"},{"taxonomy":"product_tag","embeddable":true,"href":"https:\/\/vintagebyiana.pt\/en\/wp-json\/wp\/v2\/product_tag?post=2611"}],"curies":[{"name":"wp","href":"https:\/\/api.w.org\/{rel}","templated":true}]}}