{"id":2588,"date":"2026-04-15T10:56:31","date_gmt":"2026-04-15T10:56:31","guid":{"rendered":"https:\/\/vintagebyiana.pt\/?post_type=product&#038;p=2588"},"modified":"2026-04-21T20:43:13","modified_gmt":"2026-04-21T20:43:13","slug":"terrina-doulton","status":"publish","type":"product","link":"https:\/\/vintagebyiana.pt\/en\/loja\/1-servicos-de-jantar\/2-terrinas\/terrina-doulton\/","title":{"rendered":"Terrina Doulton"},"content":{"rendered":"<p>Terrina 29\/19cm<br \/>\nHeight 12cm<\/p>\n<p>Features crackle<\/p>\n<p>Doulton Burslem, made in England between 1880 and 1901<\/p>\n<p>O modelo Athol, com seu delicado padr\u00e3o azul sob vidrado, reflete o requinte da era vitoriana. Esta pe\u00e7a foi produzida pela prestigiada f\u00e1brica Doulton Burslem antes da marca receber o t\u00edtulo real e se tornar Royal Doulton.<\/p>\n<p>\ud83d\udd39 The inscription \u201cWarranted\u201d indicates the manufacturing quality guarantee, a seal of trust at the time.<br \/>\n\ud83d\udd39 Registration number Rd 166550 \/ U.S. Patent RN\u00ba 198323 confirms the patented and legally protected design.<br \/>\n\ud83d\udd39 Produced to order for the Swiss company G. Kiefer &amp; Co A.G. Basel-Zurich, this piece is an exclusive example made for the European market.<\/p>","protected":false},"excerpt":{"rendered":"<p>Terrina 29\/19cm Altura 12cm Apresenta craquel\u00ea Doulton Burslem, fabricada em Inglaterra entre 1880 e 1901 O modelo Athol, com seu delicado padr\u00e3o azul sob vidrado, reflete o requinte da era vitoriana. Esta pe\u00e7a foi produzida pela prestigiada f\u00e1brica Doulton Burslem antes da marca receber o t\u00edtulo real e se tornar Royal Doulton. \ud83d\udd39 A inscri\u00e7\u00e3o [&hellip;]<\/p>\n","protected":false},"featured_media":2551,"template":"","meta":[],"product_brand":[],"product_cat":[41],"product_tag":[],"class_list":{"0":"post-2588","1":"product","2":"type-product","3":"status-publish","4":"has-post-thumbnail","6":"product_cat-2-terrinas","8":"first","9":"instock","10":"shipping-taxable","11":"purchasable","12":"product-type-simple"},"_links":{"self":[{"href":"https:\/\/vintagebyiana.pt\/en\/wp-json\/wp\/v2\/product\/2588","targetHints":{"allow":["GET"]}}],"collection":[{"href":"https:\/\/vintagebyiana.pt\/en\/wp-json\/wp\/v2\/product"}],"about":[{"href":"https:\/\/vintagebyiana.pt\/en\/wp-json\/wp\/v2\/types\/product"}],"version-history":[{"count":2,"href":"https:\/\/vintagebyiana.pt\/en\/wp-json\/wp\/v2\/product\/2588\/revisions"}],"predecessor-version":[{"id":3247,"href":"https:\/\/vintagebyiana.pt\/en\/wp-json\/wp\/v2\/product\/2588\/revisions\/3247"}],"wp:featuredmedia":[{"embeddable":true,"href":"https:\/\/vintagebyiana.pt\/en\/wp-json\/wp\/v2\/media\/2551"}],"wp:attachment":[{"href":"https:\/\/vintagebyiana.pt\/en\/wp-json\/wp\/v2\/media?parent=2588"}],"wp:term":[{"taxonomy":"product_brand","embeddable":true,"href":"https:\/\/vintagebyiana.pt\/en\/wp-json\/wp\/v2\/product_brand?post=2588"},{"taxonomy":"product_cat","embeddable":true,"href":"https:\/\/vintagebyiana.pt\/en\/wp-json\/wp\/v2\/product_cat?post=2588"},{"taxonomy":"product_tag","embeddable":true,"href":"https:\/\/vintagebyiana.pt\/en\/wp-json\/wp\/v2\/product_tag?post=2588"}],"curies":[{"name":"wp","href":"https:\/\/api.w.org\/{rel}","templated":true}]}}