{"id":2488,"date":"2026-04-15T09:42:19","date_gmt":"2026-04-15T09:42:19","guid":{"rendered":"https:\/\/vintagebyiana.pt\/?post_type=product&#038;p=2488"},"modified":"2026-04-21T20:48:14","modified_gmt":"2026-04-21T20:48:14","slug":"prato-para-caviar-england","status":"publish","type":"product","link":"https:\/\/vintagebyiana.pt\/en\/loja\/1-servicos-de-jantar\/7-outro-jantar\/prato-para-caviar-england\/","title":{"rendered":"Prato para caviar"},"content":{"rendered":"<p>Silver dish for caviar or butter.<br \/>\nO prato interior \u00e9 do vidro.<br \/>\nApresenta pequeno sinal do tempo, n\u00e3o est\u00e1 visivel.<br \/>\nO selo \u201cMade in England\u201d.<\/p>\n<p>&nbsp;<\/p>","protected":false},"excerpt":{"rendered":"<p>Prato prateado para caviar ou manteiga. O prato interior \u00e9 do vidro. Apresenta pequeno sinal do tempo, n\u00e3o est\u00e1 visivel. O selo \u201cMade in England\u201d. &nbsp;<\/p>","protected":false},"featured_media":2490,"template":"","meta":[],"product_brand":[],"product_cat":[46],"product_tag":[63],"class_list":{"0":"post-2488","1":"product","2":"type-product","3":"status-publish","4":"has-post-thumbnail","6":"product_cat-7-outro-jantar","7":"product_tag-reino-unido","9":"first","10":"instock","11":"shipping-taxable","12":"purchasable","13":"product-type-simple"},"_links":{"self":[{"href":"https:\/\/vintagebyiana.pt\/en\/wp-json\/wp\/v2\/product\/2488","targetHints":{"allow":["GET"]}}],"collection":[{"href":"https:\/\/vintagebyiana.pt\/en\/wp-json\/wp\/v2\/product"}],"about":[{"href":"https:\/\/vintagebyiana.pt\/en\/wp-json\/wp\/v2\/types\/product"}],"version-history":[{"count":3,"href":"https:\/\/vintagebyiana.pt\/en\/wp-json\/wp\/v2\/product\/2488\/revisions"}],"predecessor-version":[{"id":3252,"href":"https:\/\/vintagebyiana.pt\/en\/wp-json\/wp\/v2\/product\/2488\/revisions\/3252"}],"wp:featuredmedia":[{"embeddable":true,"href":"https:\/\/vintagebyiana.pt\/en\/wp-json\/wp\/v2\/media\/2490"}],"wp:attachment":[{"href":"https:\/\/vintagebyiana.pt\/en\/wp-json\/wp\/v2\/media?parent=2488"}],"wp:term":[{"taxonomy":"product_brand","embeddable":true,"href":"https:\/\/vintagebyiana.pt\/en\/wp-json\/wp\/v2\/product_brand?post=2488"},{"taxonomy":"product_cat","embeddable":true,"href":"https:\/\/vintagebyiana.pt\/en\/wp-json\/wp\/v2\/product_cat?post=2488"},{"taxonomy":"product_tag","embeddable":true,"href":"https:\/\/vintagebyiana.pt\/en\/wp-json\/wp\/v2\/product_tag?post=2488"}],"curies":[{"name":"wp","href":"https:\/\/api.w.org\/{rel}","templated":true}]}}