{"id":2451,"date":"2026-04-15T09:21:09","date_gmt":"2026-04-15T09:21:09","guid":{"rendered":"https:\/\/vintagebyiana.pt\/?post_type=product&#038;p=2451"},"modified":"2026-04-21T20:55:23","modified_gmt":"2026-04-21T20:55:23","slug":"fruteira-antiga","status":"publish","type":"product","link":"https:\/\/vintagebyiana.pt\/en\/loja\/1-servicos-de-jantar\/7-outro-jantar\/fruteira-antiga\/","title":{"rendered":"Antique fruit bowl"},"content":{"rendered":"<p>The crystal fruit bowl. The third blue plate is not original to the fruit bowl. The other dishes are crystal. The weight is 3.4 kg.<br \/>\nHeight with handle 32cm.<br \/>\nThe lower plate (metal) shows signs of corrosion.<br \/>\nWill be shipped disassembled. The diameter of the large plate is 26cm. This plate has a chip, which is not visible when the structure is assembled. The upper part of the structure has a silver coating.<\/p>","protected":false},"excerpt":{"rendered":"<p>A fruteira em cristal. O terceiro prato azul n\u00e3o \u00e9 original da fruteira. Os outros pratos s\u00e3o de cristal. O peso \u00e9 3.4 kg. Altura com pega 32cm. O prato inferior (de metal) apresenta sinais do corros\u00e3o. Ser\u00e1 enviado desmontado. O di\u00e2metro do prato grande 26cm. Esse prato tem uma lasca, que n\u00e3o fica vis\u00edvel [&hellip;]<\/p>\n","protected":false},"featured_media":2452,"template":"","meta":[],"product_brand":[],"product_cat":[46],"product_tag":[],"class_list":{"0":"post-2451","1":"product","2":"type-product","3":"status-publish","4":"has-post-thumbnail","6":"product_cat-7-outro-jantar","8":"first","9":"instock","10":"shipping-taxable","11":"purchasable","12":"product-type-simple"},"_links":{"self":[{"href":"https:\/\/vintagebyiana.pt\/en\/wp-json\/wp\/v2\/product\/2451","targetHints":{"allow":["GET"]}}],"collection":[{"href":"https:\/\/vintagebyiana.pt\/en\/wp-json\/wp\/v2\/product"}],"about":[{"href":"https:\/\/vintagebyiana.pt\/en\/wp-json\/wp\/v2\/types\/product"}],"version-history":[{"count":2,"href":"https:\/\/vintagebyiana.pt\/en\/wp-json\/wp\/v2\/product\/2451\/revisions"}],"predecessor-version":[{"id":3257,"href":"https:\/\/vintagebyiana.pt\/en\/wp-json\/wp\/v2\/product\/2451\/revisions\/3257"}],"wp:featuredmedia":[{"embeddable":true,"href":"https:\/\/vintagebyiana.pt\/en\/wp-json\/wp\/v2\/media\/2452"}],"wp:attachment":[{"href":"https:\/\/vintagebyiana.pt\/en\/wp-json\/wp\/v2\/media?parent=2451"}],"wp:term":[{"taxonomy":"product_brand","embeddable":true,"href":"https:\/\/vintagebyiana.pt\/en\/wp-json\/wp\/v2\/product_brand?post=2451"},{"taxonomy":"product_cat","embeddable":true,"href":"https:\/\/vintagebyiana.pt\/en\/wp-json\/wp\/v2\/product_cat?post=2451"},{"taxonomy":"product_tag","embeddable":true,"href":"https:\/\/vintagebyiana.pt\/en\/wp-json\/wp\/v2\/product_tag?post=2451"}],"curies":[{"name":"wp","href":"https:\/\/api.w.org\/{rel}","templated":true}]}}