{"id":2408,"date":"2026-04-15T08:55:04","date_gmt":"2026-04-15T08:55:04","guid":{"rendered":"https:\/\/vintagebyiana.pt\/?post_type=product&#038;p=2408"},"modified":"2026-04-21T20:58:03","modified_gmt":"2026-04-21T20:58:03","slug":"conjunto-thum-checoslovaquia","status":"publish","type":"product","link":"https:\/\/vintagebyiana.pt\/en\/loja\/1-servicos-de-jantar\/1-conjunto-de-pratos\/conjunto-thum-checoslovaquia\/","title":{"rendered":"Thum Czechoslovakia Ensemble"},"content":{"rendered":"<p>The set includes:<br \/>\n7 dessert dishes<br \/>\n1 cake plate<br \/>\nFruit bowl and sugar bowl<br \/>\nIt's porcelain<br \/>\nThe parts are free of defects. Only the design of some dishes is clearer.<\/p>","protected":false},"excerpt":{"rendered":"<p>O conjunto inclui: 7 pratos de sobremesa 1 prato de bolo Fruteira e a\u00e7ucareiro \u00c9 porcelana As pe\u00e7as est\u00e3o sem defeitos. Apenas o desenho dos alguns pratos fica mais claro.<\/p>","protected":false},"featured_media":2409,"template":"","meta":[],"product_brand":[],"product_cat":[40],"product_tag":[],"class_list":{"0":"post-2408","1":"product","2":"type-product","3":"status-publish","4":"has-post-thumbnail","6":"product_cat-1-conjunto-de-pratos","8":"first","9":"instock","10":"sale","11":"shipping-taxable","12":"purchasable","13":"product-type-simple"},"_links":{"self":[{"href":"https:\/\/vintagebyiana.pt\/en\/wp-json\/wp\/v2\/product\/2408","targetHints":{"allow":["GET"]}}],"collection":[{"href":"https:\/\/vintagebyiana.pt\/en\/wp-json\/wp\/v2\/product"}],"about":[{"href":"https:\/\/vintagebyiana.pt\/en\/wp-json\/wp\/v2\/types\/product"}],"version-history":[{"count":2,"href":"https:\/\/vintagebyiana.pt\/en\/wp-json\/wp\/v2\/product\/2408\/revisions"}],"predecessor-version":[{"id":3259,"href":"https:\/\/vintagebyiana.pt\/en\/wp-json\/wp\/v2\/product\/2408\/revisions\/3259"}],"wp:featuredmedia":[{"embeddable":true,"href":"https:\/\/vintagebyiana.pt\/en\/wp-json\/wp\/v2\/media\/2409"}],"wp:attachment":[{"href":"https:\/\/vintagebyiana.pt\/en\/wp-json\/wp\/v2\/media?parent=2408"}],"wp:term":[{"taxonomy":"product_brand","embeddable":true,"href":"https:\/\/vintagebyiana.pt\/en\/wp-json\/wp\/v2\/product_brand?post=2408"},{"taxonomy":"product_cat","embeddable":true,"href":"https:\/\/vintagebyiana.pt\/en\/wp-json\/wp\/v2\/product_cat?post=2408"},{"taxonomy":"product_tag","embeddable":true,"href":"https:\/\/vintagebyiana.pt\/en\/wp-json\/wp\/v2\/product_tag?post=2408"}],"curies":[{"name":"wp","href":"https:\/\/api.w.org\/{rel}","templated":true}]}}