{"id":2392,"date":"2026-04-15T08:46:36","date_gmt":"2026-04-15T08:46:36","guid":{"rendered":"https:\/\/vintagebyiana.pt\/?post_type=product&#038;p=2392"},"modified":"2026-04-21T20:52:27","modified_gmt":"2026-04-21T20:52:27","slug":"fruteira-chinesa","status":"publish","type":"product","link":"https:\/\/vintagebyiana.pt\/en\/loja\/1-servicos-de-jantar\/6-pratos-individuais\/fruteira-chinesa\/","title":{"rendered":"Chinese fruit bowl"},"content":{"rendered":"<p>Fruit bowl with stem, Chinese. Hand painted. There are no defects, but on the white part there are some traces of paint left by the artist when he painted the plate.<br \/>\nHeight 10cm, d=22cm<\/p>","protected":false},"excerpt":{"rendered":"<p>Fruteira com p\u00e9, chinesa. Pintado \u00e0 m\u00e3o. N\u00e3o tem defeitos, mas na parte branca h\u00e1 alguns vest\u00edgios de tinta deixados pelo artista quando pintava o prato. Altura 10cm, d=22cm<\/p>","protected":false},"featured_media":2393,"template":"","meta":[],"product_brand":[],"product_cat":[22,45],"product_tag":[],"class_list":{"0":"post-2392","1":"product","2":"type-product","3":"status-publish","4":"has-post-thumbnail","6":"product_cat-3-decoracao","7":"product_cat-6-pratos-individuais","9":"first","10":"instock","11":"shipping-taxable","12":"purchasable","13":"product-type-simple"},"_links":{"self":[{"href":"https:\/\/vintagebyiana.pt\/en\/wp-json\/wp\/v2\/product\/2392","targetHints":{"allow":["GET"]}}],"collection":[{"href":"https:\/\/vintagebyiana.pt\/en\/wp-json\/wp\/v2\/product"}],"about":[{"href":"https:\/\/vintagebyiana.pt\/en\/wp-json\/wp\/v2\/types\/product"}],"version-history":[{"count":2,"href":"https:\/\/vintagebyiana.pt\/en\/wp-json\/wp\/v2\/product\/2392\/revisions"}],"predecessor-version":[{"id":3255,"href":"https:\/\/vintagebyiana.pt\/en\/wp-json\/wp\/v2\/product\/2392\/revisions\/3255"}],"wp:featuredmedia":[{"embeddable":true,"href":"https:\/\/vintagebyiana.pt\/en\/wp-json\/wp\/v2\/media\/2393"}],"wp:attachment":[{"href":"https:\/\/vintagebyiana.pt\/en\/wp-json\/wp\/v2\/media?parent=2392"}],"wp:term":[{"taxonomy":"product_brand","embeddable":true,"href":"https:\/\/vintagebyiana.pt\/en\/wp-json\/wp\/v2\/product_brand?post=2392"},{"taxonomy":"product_cat","embeddable":true,"href":"https:\/\/vintagebyiana.pt\/en\/wp-json\/wp\/v2\/product_cat?post=2392"},{"taxonomy":"product_tag","embeddable":true,"href":"https:\/\/vintagebyiana.pt\/en\/wp-json\/wp\/v2\/product_tag?post=2392"}],"curies":[{"name":"wp","href":"https:\/\/api.w.org\/{rel}","templated":true}]}}